{"id":1799,"date":"2019-10-16T11:53:16","date_gmt":"2019-10-16T09:53:16","guid":{"rendered":"https:\/\/biocalaceite.com\/checkout\/"},"modified":"2024-07-07T23:35:02","modified_gmt":"2024-07-07T21:35:02","slug":"checkout","status":"publish","type":"page","link":"https:\/\/biocalaceite.com\/en\/checkout\/","title":{"rendered":"Checkout"},"content":{"rendered":"\t\t<div data-elementor-type=\"wp-page\" data-elementor-id=\"1799\" class=\"elementor elementor-1799 elementor-1795\" data-elementor-post-type=\"page\">\n\t\t\t\t\t\t<section class=\"elementor-section elementor-top-section elementor-element elementor-element-6ff6858 elementor-section-boxed elementor-section-height-default elementor-section-height-default\" data-id=\"6ff6858\" data-element_type=\"section\">\n\t\t\t\t\t\t<div class=\"elementor-container elementor-column-gap-default\">\n\t\t\t\t\t<div class=\"elementor-column elementor-col-100 elementor-top-column elementor-element elementor-element-0b00e78\" data-id=\"0b00e78\" data-element_type=\"column\">\n\t\t\t<div class=\"elementor-widget-wrap elementor-element-populated\">\n\t\t\t\t\t\t<div class=\"elementor-element elementor-element-6655750 e-checkout-layout-two-column elementor-widget elementor-widget-woocommerce-checkout-page\" data-id=\"6655750\" data-element_type=\"widget\" data-settings=\"{&quot;sticky_right_column&quot;:&quot;yes&quot;}\" data-widget_type=\"woocommerce-checkout-page.default\">\n\t\t\t\t<div class=\"elementor-widget-container\">\n\t\t\t\t\t<div class=\"woocommerce\"><div class=\"woocommerce-notices-wrapper\"><\/div><\/div>\t\t\t\t<\/div>\n\t\t\t\t<\/div>\n\t\t\t\t\t<\/div>\n\t\t<\/div>\n\t\t\t\t\t<\/div>\n\t\t<\/section>\n\t\t\t\t<\/div>\n\t\t","protected":false},"excerpt":{"rendered":"<p>Billing details Name&nbsp;* Last name&nbsp;* Pa\u00eds \/ Regi\u00f3n&nbsp;*Selecciona un pa\u00eds\/regi\u00f3n&hellip;AlemaniaAustriaB\u00e9lgicaDinamarcaEslovaquiaEspa\u00f1aFranciaHungr\u00edaPanam\u00e1Pa\u00edses BajosPoloniaRep\u00fablica ChecaSuizaActualizar pa\u00eds\/regi\u00f3n Direcci\u00f3n de la calle&nbsp;* C\u00f3digo postal \/ ZIP&nbsp;* Poblaci\u00f3n&nbsp;* Provincia&nbsp;*Elige una opci\u00f3n&hellip;La Coru\u00f1a\u00c1lavaAlbaceteAlicanteAlmer\u00edaAsturias\u00c1vilaBadajozBalearesBarcelonaBurgosC\u00e1ceresC\u00e1dizCantabriaCastell\u00f3nCeutaCiudad RealC\u00f3rdobaCuencaGeronaGranadaGuadalajaraGuip\u00fazcoaHuelvaHuescaJa\u00e9nLa RiojaLas PalmasLe\u00f3nL\u00e9ridaLugoMadridM\u00e1lagaMelillaMurciaNavarraOrensePalenciaPontevedraSalamancaSanta Cruz de TenerifeSegoviaSevillaSoriaTarragonaTeruelToledoValenciaValladolidVizcayaZamoraZaragoza Phone number&nbsp;* Email&nbsp;* \u00bfEnviar a otra direcci\u00f3n? Nombre&nbsp;* Apellidos&nbsp;* Pa\u00eds \/ Regi\u00f3n&nbsp;*Selecciona un pa\u00eds\/regi\u00f3n&hellip;AlemaniaAustriaB\u00e9lgicaDinamarcaEslovaquiaEspa\u00f1aFranciaHungr\u00edaPanam\u00e1Pa\u00edses BajosPoloniaRep\u00fablica ChecaSuizaActualizar pa\u00eds\/regi\u00f3n Direcci\u00f3n de la calle&nbsp;* C\u00f3digo postal [&hellip;]<\/p>\n","protected":false},"author":1,"featured_media":0,"parent":0,"menu_order":0,"comment_status":"closed","ping_status":"closed","template":"","meta":{"footnotes":""},"class_list":["post-1799","page","type-page","status-publish","hentry"],"_links":{"self":[{"href":"https:\/\/biocalaceite.com\/en\/wp-json\/wp\/v2\/pages\/1799","targetHints":{"allow":["GET"]}}],"collection":[{"href":"https:\/\/biocalaceite.com\/en\/wp-json\/wp\/v2\/pages"}],"about":[{"href":"https:\/\/biocalaceite.com\/en\/wp-json\/wp\/v2\/types\/page"}],"author":[{"embeddable":true,"href":"https:\/\/biocalaceite.com\/en\/wp-json\/wp\/v2\/users\/1"}],"replies":[{"embeddable":true,"href":"https:\/\/biocalaceite.com\/en\/wp-json\/wp\/v2\/comments?post=1799"}],"version-history":[{"count":13,"href":"https:\/\/biocalaceite.com\/en\/wp-json\/wp\/v2\/pages\/1799\/revisions"}],"predecessor-version":[{"id":5535,"href":"https:\/\/biocalaceite.com\/en\/wp-json\/wp\/v2\/pages\/1799\/revisions\/5535"}],"wp:attachment":[{"href":"https:\/\/biocalaceite.com\/en\/wp-json\/wp\/v2\/media?parent=1799"}],"curies":[{"name":"wp","href":"https:\/\/api.w.org\/{rel}","templated":true}]}}