{"id":5585,"date":"2025-01-20T13:19:10","date_gmt":"2025-01-20T12:28:02","guid":{"rendered":"https:\/\/biocalaceite.com\/?post_type=product&#038;p=5585"},"modified":"2025-04-13T18:21:37","modified_gmt":"2025-04-13T16:21:37","slug":"oekologische-natuerliche-schwarze-oliven","status":"publish","type":"product","link":"https:\/\/biocalaceite.com\/de\/producto\/oekologische-natuerliche-schwarze-oliven\/","title":{"rendered":"\u00d6KOLOGISCHE &#038; NAT\u00dcRLICHE SCHWARZE OLIVEN"},"content":{"rendered":"<p>Nat\u00fcrliche und \u00f6kologische schwarze Olive. Olivensorte Empeltre, auch bekannt als schwarze Olive aus Aragon. Ideal als Beilage zu jeder Art von Speisen.<\/p>\n","protected":false},"excerpt":{"rendered":"<p>Nat\u00fcrliche und \u00f6kologische schwarze Olive. Olivensorte Empeltre, auch bekannt als schwarze Olive aus Aragon. Ideal als Beilage zu jeder Art von Speisen.<\/p>\n","protected":false},"featured_media":5583,"template":"","meta":[],"product_brand":[],"product_cat":[85],"product_tag":[],"class_list":{"0":"post-5585","1":"product","2":"type-product","3":"status-publish","4":"has-post-thumbnail","6":"product_cat-productos-ecologicos-de","8":"first","9":"outofstock","10":"featured","11":"taxable","12":"shipping-taxable","13":"purchasable","14":"product-type-simple"},"_links":{"self":[{"href":"https:\/\/biocalaceite.com\/de\/wp-json\/wp\/v2\/product\/5585","targetHints":{"allow":["GET"]}}],"collection":[{"href":"https:\/\/biocalaceite.com\/de\/wp-json\/wp\/v2\/product"}],"about":[{"href":"https:\/\/biocalaceite.com\/de\/wp-json\/wp\/v2\/types\/product"}],"wp:featuredmedia":[{"embeddable":true,"href":"https:\/\/biocalaceite.com\/de\/wp-json\/wp\/v2\/media\/5583"}],"wp:attachment":[{"href":"https:\/\/biocalaceite.com\/de\/wp-json\/wp\/v2\/media?parent=5585"}],"wp:term":[{"taxonomy":"product_brand","embeddable":true,"href":"https:\/\/biocalaceite.com\/de\/wp-json\/wp\/v2\/product_brand?post=5585"},{"taxonomy":"product_cat","embeddable":true,"href":"https:\/\/biocalaceite.com\/de\/wp-json\/wp\/v2\/product_cat?post=5585"},{"taxonomy":"product_tag","embeddable":true,"href":"https:\/\/biocalaceite.com\/de\/wp-json\/wp\/v2\/product_tag?post=5585"}],"curies":[{"name":"wp","href":"https:\/\/api.w.org\/{rel}","templated":true}]}}