{"id":5249,"date":"2024-04-04T18:02:04","date_gmt":"2024-04-04T16:02:04","guid":{"rendered":"https:\/\/biocalaceite.com\/producto\/centenary-olive-tree\/"},"modified":"2024-11-08T21:51:01","modified_gmt":"2024-11-08T20:51:01","slug":"centenary-olive-tree","status":"publish","type":"product","link":"https:\/\/biocalaceite.com\/de\/producto\/centenary-olive-tree\/","title":{"rendered":"Hundertj\u00e4hriger Bio-Olivenbaum"},"content":{"rendered":"<p>Adoptieren Sie einen jahrhundertealten Bio-Olivenbaum, geben Sie ihm einen Namen und Sie werden Ihren eigenen jahrhundertealten Bio-Olivenbaum haben.<br \/>\nAbonnieren Sie und genie\u00dfen Sie Ihren Olivenbaum. Es handelt sich um eine j\u00e4hrliche Zahlung. Damit erhalten Sie:<\/p>\n<ul>\n<li>Sie erhalten Ihren eigenen jahrhundertealten Bio-Olivenbaum, der von einem \u00f6rtlichen Bauern gepflegt wird.<\/li>\n<li>Sie erhalten 4 l Flor* Bio-Oliven\u00f6l extra vergine, frisch hergestellt zum Zeitpunkt der Ernte, also im November.<\/li>\n<li>Sie haben die M\u00f6glichkeit, wann immer Sie m\u00f6chten, es zu besichtigen, es zu pflegen und selbst abzuholen.<\/li>\n<li>Sie erhalten die Geolokalisierung des genauen Standorts Ihres jahrhundertealten Bio-Olivenbaums.<\/li>\n<li>Sie erhalten in Echtzeit Informationen \u00fcber alle durchgef\u00fchrten Arbeiten an Ihrem jahrhundertealten Bio-Olivenbaum.<\/li>\n<li>Sie haben die M\u00f6glichkeit, das VR Olive-Altbaumpaket zu erwerben (alle an Ihrem Olivenbaum durchgef\u00fchrten Arbeiten werden aufgezeichnet, von der manuellen Arbeit \u00fcber die Arbeit mit dem Traktor bis hin zur Bl\u00fcte und der Umwandlung der Blume in eine Olive in 3D und virtuell). Realit\u00e4t) Tauchen Sie ein in die Natur und sp\u00fcren Sie, dass Sie sich f\u00fcr nur 500 \u20ac, eine einmalige Zahlung, um Ihren Bio-Olivenbaum k\u00fcmmern. Kontaktieren Sie uns f\u00fcr weitere Informationen. contact@biocalaceite.com | Tel.: +34 676 74 05 76.<\/li>\n<\/ul>\n<p>&nbsp;<\/p>\n<p>Unsere jahrhundertealten Bio-Olivenb\u00e4ume sind von einer uralten Sorte. Die Sorte ist Empeltre, auch bekannt als die schwarze Olive von Aragon, die vor mehr als 2.500 Jahren von den Griechen und Ph\u00f6niziern eingef\u00fchrt wurde. Es handelt sich um Olivenb\u00e4ume, die in den Bergen zwischen Feldern mit anderen Bio-Pflanzen und Pinienw\u00e4ldern stehen. Sie erhalten nur knappes Regenwasser und verf\u00fcgen weder \u00fcber k\u00fcnstliche Bew\u00e4sserung noch auf den Zusatz von Chemikalien.<br \/>\nDas Ergebnis ist ein wirklich nat\u00fcrliches, \u00f6kologisches Produkt mit einzigartigen Geschmackseigenschaften und Vorteilen f\u00fcr Ihre Gesundheit.<\/p>\n<p>&nbsp;<\/p>\n<p>*Flor Bio-Oliven\u00f6l extra vergine: Das erste Oliven\u00f6l stammt aus der frisch hergestellten Olivenpaste, dieses \u00d6l wird Flor-Oliven\u00f6l genannt. Es kommt ohne Alpechin aus, wodurch es weder sauer noch bitter ist. Es gilt als s\u00fc\u00dfer und mandeliger. Da es vollst\u00e4ndig ist, hat es eine tolle Zusammensetzung aus Wachsen und guten Fetten. Dies geschieht durch nat\u00fcrliches Dekantieren und ohne Pressen. \u201eDieses \u00d6l ist das reinste Oliven\u00f6l, das es gibt.\u201c<\/p>\n","protected":false},"excerpt":{"rendered":"<p>ADOPTIEREN SIE JETZT IHREN HUNDERTJ\u00c4HRIGEN \u00d6KOLOGISCHEN OLIVENBAUM!<\/p>\n<p><img fetchpriority=\"high\" decoding=\"async\" class=\"alignnone wp-image-5287\" src=\"https:\/\/biocalaceite.com\/wp-content\/uploads\/2024\/04\/logo-eurohoja-.jpeg\" alt=\"\" width=\"281\" height=\"270\" srcset=\"https:\/\/biocalaceite.com\/wp-content\/uploads\/2024\/04\/logo-eurohoja-.jpeg 1080w, https:\/\/biocalaceite.com\/wp-content\/uploads\/2024\/04\/logo-eurohoja--300x288.jpeg 300w, https:\/\/biocalaceite.com\/wp-content\/uploads\/2024\/04\/logo-eurohoja--1024x981.jpeg 1024w, https:\/\/biocalaceite.com\/wp-content\/uploads\/2024\/04\/logo-eurohoja--768x736.jpeg 768w, https:\/\/biocalaceite.com\/wp-content\/uploads\/2024\/04\/logo-eurohoja--64x61.jpeg 64w\" sizes=\"(max-width: 281px) 100vw, 281px\" \/><\/p>\n<p>Adoptieren Sie einen jahrhundertealten Bio-Olivenbaum, geben Sie ihm einen Namen und Sie werden Ihren eigenen jahrhundertealten Bio-Olivenbaum haben.<br \/>\nAbonnieren Sie und genie\u00dfen Sie Ihren Olivenbaum. Es handelt sich um eine j\u00e4hrliche Zahlung. Damit erhalten Sie:<\/p>\n<ul>\n<li>Sie erhalten Ihren eigenen jahrhundertealten Bio-Olivenbaum, der von einem \u00f6rtlichen Bauern gepflegt wird.<\/li>\n<li>Sie erhalten 4 l Flor* Bio-Oliven\u00f6l extra vergine, frisch hergestellt zum Zeitpunkt der Ernte, also im November.<\/li>\n<li>Sie haben die M\u00f6glichkeit, wann immer Sie m\u00f6chten, es zu besichtigen, es zu pflegen und selbst abzuholen.<\/li>\n<li>Sie erhalten die Geolokalisierung des genauen Standorts Ihres jahrhundertealten Bio-Olivenbaums.<\/li>\n<li>Sie erhalten in Echtzeit Informationen \u00fcber alle durchgef\u00fchrten Arbeiten an Ihrem jahrhundertealten Bio-Olivenbaum.<\/li>\n<li>Sie haben die M\u00f6glichkeit, das VR Olive-Altbaumpaket zu erwerben (alle an Ihrem Olivenbaum durchgef\u00fchrten Arbeiten werden aufgezeichnet, von der manuellen Arbeit \u00fcber die Arbeit mit dem Traktor bis hin zur Bl\u00fcte und der Umwandlung der Blume in eine Olive in 3D und virtuell). Realit\u00e4t) Tauchen Sie ein in die Natur und sp\u00fcren Sie, dass Sie sich f\u00fcr nur 500 \u20ac, eine einmalige Zahlung, um Ihren Bio-Olivenbaum k\u00fcmmern. Kontaktieren Sie uns f\u00fcr weitere Informationen. contact@biocalaceite.com | Tel.: +34 676 74 05 76.<\/li>\n<\/ul>\n<p>&nbsp;<\/p>\n<p>Unsere jahrhundertealten Bio-Olivenb\u00e4ume sind von einer uralten Sorte. Die Sorte ist Empeltre, auch bekannt als die schwarze Olive von Aragon, die vor mehr als 2.500 Jahren von den Griechen und Ph\u00f6niziern eingef\u00fchrt wurde. Es handelt sich um Olivenb\u00e4ume, die in den Bergen zwischen Feldern mit anderen Bio-Pflanzen und Pinienw\u00e4ldern stehen. Sie erhalten nur knappes Regenwasser und verf\u00fcgen weder \u00fcber k\u00fcnstliche Bew\u00e4sserung noch auf den Zusatz von Chemikalien.<br \/>\nDas Ergebnis ist ein wirklich nat\u00fcrliches, \u00f6kologisches Produkt mit einzigartigen Geschmackseigenschaften und Vorteilen f\u00fcr Ihre Gesundheit.<\/p>\n<p>&nbsp;<\/p>\n<p>*Flor Bio-Oliven\u00f6l extra vergine: Das erste Oliven\u00f6l stammt aus der frisch hergestellten Olivenpaste, dieses \u00d6l wird Flor-Oliven\u00f6l genannt. Es kommt ohne Alpechin aus, wodurch es weder sauer noch bitter ist. Es gilt als s\u00fc\u00dfer und mandeliger. Da es vollst\u00e4ndig ist, hat es eine tolle Zusammensetzung aus Wachsen und guten Fetten. Dies geschieht durch nat\u00fcrliches Dekantieren und ohne Pressen. \u201eDieses \u00d6l ist das reinste Oliven\u00f6l, das es gibt.\u201c<\/p>\n","protected":false},"featured_media":5227,"template":"","meta":[],"product_brand":[],"product_cat":[146],"product_tag":[],"class_list":{"0":"post-5249","1":"product","2":"type-product","3":"status-publish","4":"has-post-thumbnail","6":"product_cat-adopciones-de","8":"first","9":"instock","10":"taxable","11":"shipping-taxable","12":"purchasable","13":"product-type-simple"},"_links":{"self":[{"href":"https:\/\/biocalaceite.com\/de\/wp-json\/wp\/v2\/product\/5249","targetHints":{"allow":["GET"]}}],"collection":[{"href":"https:\/\/biocalaceite.com\/de\/wp-json\/wp\/v2\/product"}],"about":[{"href":"https:\/\/biocalaceite.com\/de\/wp-json\/wp\/v2\/types\/product"}],"wp:featuredmedia":[{"embeddable":true,"href":"https:\/\/biocalaceite.com\/de\/wp-json\/wp\/v2\/media\/5227"}],"wp:attachment":[{"href":"https:\/\/biocalaceite.com\/de\/wp-json\/wp\/v2\/media?parent=5249"}],"wp:term":[{"taxonomy":"product_brand","embeddable":true,"href":"https:\/\/biocalaceite.com\/de\/wp-json\/wp\/v2\/product_brand?post=5249"},{"taxonomy":"product_cat","embeddable":true,"href":"https:\/\/biocalaceite.com\/de\/wp-json\/wp\/v2\/product_cat?post=5249"},{"taxonomy":"product_tag","embeddable":true,"href":"https:\/\/biocalaceite.com\/de\/wp-json\/wp\/v2\/product_tag?post=5249"}],"curies":[{"name":"wp","href":"https:\/\/api.w.org\/{rel}","templated":true}]}}