{"id":5248,"date":"2024-04-04T17:59:28","date_gmt":"2024-04-04T15:59:28","guid":{"rendered":"https:\/\/biocalaceite.com\/producto\/olivo-normal\/"},"modified":"2024-07-22T16:37:46","modified_gmt":"2024-07-22T14:37:46","slug":"olivo-normal","status":"publish","type":"product","link":"https:\/\/biocalaceite.com\/de\/producto\/olivo-normal\/","title":{"rendered":"Bio-Olivenbaum"},"content":{"rendered":"<p>Adoptieren Sie einen Bio-Olivenbaum, geben Sie ihm einen Namen und Sie werden Ihren eigenen Bio-Olivenbaum haben.<br \/>\nAbonnieren Sie und genie\u00dfen Sie Ihren Olivenbaum. Es handelt sich um eine j\u00e4hrliche Zahlung. Damit erhalten Sie:<\/p>\n<ul>\n<li>Sie werden Ihren eigenen Baby-Olivenbaum haben, der von einem \u00f6rtlichen Bauern gepflegt wird.<\/li>\n<li>2 l Flor* Bio-Oliven\u00f6l extra vergine, frisch hergestellt zum Zeitpunkt der Ernte, also im November.<\/li>\n<li>Sie k\u00f6nnen kommen, wann immer Sie m\u00f6chten, es besichtigen, sich darum k\u00fcmmern und es selbst abholen.<\/li>\n<li>Sie erhalten die Geolokalisierung des genauen Standorts Ihres Bio-Olivenbaums.<\/li>\n<li>Sie erhalten in Echtzeit Informationen \u00fcber alle durchgef\u00fchrten Arbeiten an Ihrem Bio-Olivenbaum.<\/li>\n<li>Sie haben die M\u00f6glichkeit, das VR-Olivenbaumpaket zu erwerben (alle an Ihrem Olivenbaum durchgef\u00fchrten Arbeiten werden aufgezeichnet, von der manuellen Arbeit \u00fcber die Arbeit mit dem Traktor bis hin zur Bl\u00fcte und der Verwandlung der Blume in eine Olive in 3D und virtueller Realit\u00e4t). ) Tauchen Sie ein in die Natur und sp\u00fcren Sie, dass Sie sich um Ihren Bio-Olivenbaum k\u00fcmmern \u2013 f\u00fcr nur 350 \u20ac, eine einmalige Zahlung. Kontaktieren Sie uns f\u00fcr weitere Informationen. contact@biocalaceite.com | Tel.: +34 676 74 05 76.<\/li>\n<\/ul>\n<p>&nbsp;<\/p>\n<p>Unsere Bio-Olivenb\u00e4ume sind von einer uralten Sorte. Die Sorte ist Empeltre, auch bekannt als die schwarze Olive von Aragon, die vor mehr als 2.500 Jahren von den Griechen und Ph\u00f6niziern eingef\u00fchrt wurde. Es handelt sich um Olivenb\u00e4ume, die in den Bergen zwischen Feldern mit anderen Bio-Pflanzen und Pinienw\u00e4ldern stehen. Sie erhalten nur knappes Regenwasser und verf\u00fcgen weder \u00fcber k\u00fcnstliche Bew\u00e4sserung noch auf den Zusatz von Chemikalien.<br \/>\nDas Ergebnis ist ein wirklich nat\u00fcrliches, \u00f6kologisches Produkt mit einzigartigen Geschmackseigenschaften und Vorteilen f\u00fcr Ihre Gesundheit.<\/p>\n<p>*Flor Bio-Oliven\u00f6l extra vergine: Das erste Oliven\u00f6l stammt aus der frisch hergestellten Olivenpaste, dieses \u00d6l wird Flor-Oliven\u00f6l genannt. Es kommt ohne Alpechin aus, wodurch es weder sauer noch bitter ist. Es gilt als s\u00fc\u00dfer und mandeliger. Da es vollst\u00e4ndig ist, hat es eine tolle Zusammensetzung aus Wachsen und guten Fetten. Dies geschieht durch nat\u00fcrliches Dekantieren und ohne Pressen. \u201eDieses \u00d6l ist das reinste Oliven\u00f6l, das es gibt.\u201c<\/p>\n","protected":false},"excerpt":{"rendered":"<p>ADOPTIEREN SIE JETZT IHREN BIO-OLIVENBAUM!<\/p>\n<p><img fetchpriority=\"high\" decoding=\"async\" class=\"alignnone wp-image-5287\" src=\"https:\/\/biocalaceite.com\/wp-content\/uploads\/2024\/04\/logo-eurohoja-.jpeg\" alt=\"\" width=\"281\" height=\"270\" srcset=\"https:\/\/biocalaceite.com\/wp-content\/uploads\/2024\/04\/logo-eurohoja-.jpeg 1080w, https:\/\/biocalaceite.com\/wp-content\/uploads\/2024\/04\/logo-eurohoja--300x288.jpeg 300w, https:\/\/biocalaceite.com\/wp-content\/uploads\/2024\/04\/logo-eurohoja--1024x981.jpeg 1024w, https:\/\/biocalaceite.com\/wp-content\/uploads\/2024\/04\/logo-eurohoja--768x736.jpeg 768w, https:\/\/biocalaceite.com\/wp-content\/uploads\/2024\/04\/logo-eurohoja--64x61.jpeg 64w\" sizes=\"(max-width: 281px) 100vw, 281px\" \/><\/p>\n<p>Adoptieren Sie einen Bio-Olivenbaum, geben Sie ihm einen Namen und Sie werden Ihren eigenen Bio-Olivenbaum haben.<br \/>\nAbonnieren Sie und genie\u00dfen Sie Ihren Olivenbaum. Es handelt sich um eine j\u00e4hrliche Zahlung. Damit erhalten Sie:<\/p>\n<ul>\n<li>Sie werden Ihren eigenen Baby-Olivenbaum haben, der von einem \u00f6rtlichen Bauern gepflegt wird.<\/li>\n<li>2 l Flor* Bio-Oliven\u00f6l extra vergine, frisch hergestellt zum Zeitpunkt der Ernte, also im November.<\/li>\n<li>Sie k\u00f6nnen kommen, wann immer Sie m\u00f6chten, es besichtigen, sich darum k\u00fcmmern und es selbst abholen.<\/li>\n<li>Sie erhalten die Geolokalisierung des genauen Standorts Ihres Bio-Olivenbaums.<\/li>\n<li>Sie erhalten in Echtzeit Informationen \u00fcber alle durchgef\u00fchrten Arbeiten an Ihrem Bio-Olivenbaum.<\/li>\n<li>Sie haben die M\u00f6glichkeit, das VR-Olivenbaumpaket zu erwerben (alle an Ihrem Olivenbaum durchgef\u00fchrten Arbeiten werden aufgezeichnet, von der manuellen Arbeit \u00fcber die Arbeit mit dem Traktor bis hin zur Bl\u00fcte und der Verwandlung der Blume in eine Olive in 3D und virtueller Realit\u00e4t). ) Tauchen Sie ein in die Natur und sp\u00fcren Sie, dass Sie sich um Ihren Bio-Olivenbaum k\u00fcmmern \u2013 f\u00fcr nur 350 \u20ac, eine einmalige Zahlung. Kontaktieren Sie uns f\u00fcr weitere Informationen. contact@biocalaceite.com | Tel.: +34 676 74 05 76.<\/li>\n<\/ul>\n<p>&nbsp;<\/p>\n<p>Unsere Bio-Olivenb\u00e4ume sind von einer uralten Sorte. Die Sorte ist Empeltre, auch bekannt als die schwarze Olive von Aragon, die vor mehr als 2.500 Jahren von den Griechen und Ph\u00f6niziern eingef\u00fchrt wurde. Es handelt sich um Olivenb\u00e4ume, die in den Bergen zwischen Feldern mit anderen Bio-Pflanzen und Pinienw\u00e4ldern stehen. Sie erhalten nur knappes Regenwasser und verf\u00fcgen weder \u00fcber k\u00fcnstliche Bew\u00e4sserung noch auf den Zusatz von Chemikalien.<br \/>\nDas Ergebnis ist ein wirklich nat\u00fcrliches, \u00f6kologisches Produkt mit einzigartigen Geschmackseigenschaften und Vorteilen f\u00fcr Ihre Gesundheit.<\/p>\n<p>*Flor Bio-Oliven\u00f6l extra vergine: Das erste Oliven\u00f6l stammt aus der frisch hergestellten Olivenpaste, dieses \u00d6l wird Flor-Oliven\u00f6l genannt. Es kommt ohne Alpechin aus, wodurch es weder sauer noch bitter ist. Es gilt als s\u00fc\u00dfer und mandeliger. Da es vollst\u00e4ndig ist, hat es eine tolle Zusammensetzung aus Wachsen und guten Fetten. Dies geschieht durch nat\u00fcrliches Dekantieren und ohne Pressen. \u201eDieses \u00d6l ist das reinste Oliven\u00f6l, das es gibt.\u201c<\/p>\n","protected":false},"featured_media":5223,"template":"","meta":[],"product_brand":[],"product_cat":[146],"product_tag":[],"class_list":{"0":"post-5248","1":"product","2":"type-product","3":"status-publish","4":"has-post-thumbnail","6":"product_cat-adopciones-de","8":"first","9":"instock","10":"taxable","11":"shipping-taxable","12":"purchasable","13":"product-type-simple"},"_links":{"self":[{"href":"https:\/\/biocalaceite.com\/de\/wp-json\/wp\/v2\/product\/5248","targetHints":{"allow":["GET"]}}],"collection":[{"href":"https:\/\/biocalaceite.com\/de\/wp-json\/wp\/v2\/product"}],"about":[{"href":"https:\/\/biocalaceite.com\/de\/wp-json\/wp\/v2\/types\/product"}],"wp:featuredmedia":[{"embeddable":true,"href":"https:\/\/biocalaceite.com\/de\/wp-json\/wp\/v2\/media\/5223"}],"wp:attachment":[{"href":"https:\/\/biocalaceite.com\/de\/wp-json\/wp\/v2\/media?parent=5248"}],"wp:term":[{"taxonomy":"product_brand","embeddable":true,"href":"https:\/\/biocalaceite.com\/de\/wp-json\/wp\/v2\/product_brand?post=5248"},{"taxonomy":"product_cat","embeddable":true,"href":"https:\/\/biocalaceite.com\/de\/wp-json\/wp\/v2\/product_cat?post=5248"},{"taxonomy":"product_tag","embeddable":true,"href":"https:\/\/biocalaceite.com\/de\/wp-json\/wp\/v2\/product_tag?post=5248"}],"curies":[{"name":"wp","href":"https:\/\/api.w.org\/{rel}","templated":true}]}}