{"id":5246,"date":"2024-04-04T17:55:40","date_gmt":"2024-04-04T15:55:40","guid":{"rendered":"https:\/\/biocalaceite.com\/producto\/almond\/"},"modified":"2024-07-22T16:32:15","modified_gmt":"2024-07-22T14:32:15","slug":"almond","status":"publish","type":"product","link":"https:\/\/biocalaceite.com\/de\/producto\/almond\/","title":{"rendered":"Bio-Mandelbaum"},"content":{"rendered":"<p>Adoptieren Sie einen Bio-Mandelbaum, geben Sie ihm einen Namen und Sie werden Ihren eigenen Bio-Mandelbaum haben.<br \/>\nAbonnieren Sie und genie\u00dfen Sie Ihren Mandelbaum. Es handelt sich um eine j\u00e4hrliche Zahlung. Damit erhalten Sie:<\/p>\n<p>Sie werden Ihren eigenen Mandelbaum von einem \u00f6rtlichen Bauern pflegen lassen.<br \/>\nZum Erntezeitpunkt im September erhalten Sie 2 kg Bio-Mandeln.<br \/>\nSie k\u00f6nnen kommen, wann immer Sie m\u00f6chten, es besichtigen, sich darum k\u00fcmmern und es selbst abholen.<br \/>\nSie erhalten die Geolokalisierung des genauen Standorts Ihres Bio-Mandelbaums.<br \/>\nSie erhalten in Echtzeit Informationen \u00fcber alle durchgef\u00fchrten Arbeiten an Ihrem Bio-Mandelbaum.<br \/>\nSie haben die M\u00f6glichkeit, das VR Baby Almond-Paket zu erwerben (alle an Ihrem Mandelbaum durchgef\u00fchrten Arbeiten werden aufgezeichnet, vom Pflanzen \u00fcber die manuelle Arbeit, die Arbeit mit dem Traktor, die Bl\u00fcte bis hin zur Verwandlung der Bl\u00fcte in eine Mandel in 3D und virtuelle Realit\u00e4t) tauchen Sie live in die Natur ein und sp\u00fcren Sie, dass Sie sich f\u00fcr nur 300 \u20ac, eine einmalige Zahlung, um Ihren Bio-Mandelbaum k\u00fcmmern. Kontaktieren Sie uns f\u00fcr weitere Informationen. contact@biocalaceite.com | Tel.: +34 676 74 05 76.<\/p>\n<p>Bei unseren Bio-Mandelb\u00e4umen handelt es sich um alte Sorten (Marcona und Largueta). Es handelt sich um Mandelb\u00e4ume, die in den Bergen zwischen Feldern mit anderen Bio-Pflanzen und Pinienw\u00e4ldern stehen. Sie erhalten nur knappes Regenwasser und verf\u00fcgen weder \u00fcber k\u00fcnstliche Bew\u00e4sserung noch auf den Zusatz von Chemikalien.<br \/>\nDas Ergebnis ist ein wirklich nat\u00fcrliches, \u00f6kologisches Produkt mit einzigartigen Geschmackseigenschaften und Vorteilen f\u00fcr Ihre Gesundheit.<\/p>\n","protected":false},"excerpt":{"rendered":"<p>ADOPTIEREN SIE JETZT IHREN BIO-MANDELBAUM!<\/p>\n<p><img fetchpriority=\"high\" decoding=\"async\" class=\"alignnone wp-image-5287\" src=\"https:\/\/biocalaceite.com\/wp-content\/uploads\/2024\/04\/logo-eurohoja-.jpeg\" alt=\"\" width=\"281\" height=\"270\" srcset=\"https:\/\/biocalaceite.com\/wp-content\/uploads\/2024\/04\/logo-eurohoja-.jpeg 1080w, https:\/\/biocalaceite.com\/wp-content\/uploads\/2024\/04\/logo-eurohoja--300x288.jpeg 300w, https:\/\/biocalaceite.com\/wp-content\/uploads\/2024\/04\/logo-eurohoja--1024x981.jpeg 1024w, https:\/\/biocalaceite.com\/wp-content\/uploads\/2024\/04\/logo-eurohoja--768x736.jpeg 768w, https:\/\/biocalaceite.com\/wp-content\/uploads\/2024\/04\/logo-eurohoja--64x61.jpeg 64w\" sizes=\"(max-width: 281px) 100vw, 281px\" \/><\/p>\n<p>Adoptieren Sie einen Bio-Mandelbaum, geben Sie ihm einen Namen und Sie werden Ihren eigenen Bio-Mandelbaum haben.<br \/>\nAbonnieren Sie und genie\u00dfen Sie Ihren Mandelbaum. Es handelt sich um eine j\u00e4hrliche Zahlung. Damit erhalten Sie:<\/p>\n<p>Sie werden Ihren eigenen Mandelbaum von einem \u00f6rtlichen Bauern pflegen lassen.<br \/>\nZum Erntezeitpunkt im September erhalten Sie 2 kg Bio-Mandeln.<br \/>\nSie k\u00f6nnen kommen, wann immer Sie m\u00f6chten, es besichtigen, sich darum k\u00fcmmern und es selbst abholen.<br \/>\nSie erhalten die Geolokalisierung des genauen Standorts Ihres Bio-Mandelbaums.<br \/>\nSie erhalten in Echtzeit Informationen \u00fcber alle durchgef\u00fchrten Arbeiten an Ihrem Bio-Mandelbaum.<br \/>\nSie haben die M\u00f6glichkeit, das VR Baby Almond-Paket zu erwerben (alle an Ihrem Mandelbaum durchgef\u00fchrten Arbeiten werden aufgezeichnet, vom Pflanzen \u00fcber die manuelle Arbeit, die Arbeit mit dem Traktor, die Bl\u00fcte bis hin zur Verwandlung der Bl\u00fcte in eine Mandel in 3D und virtuelle Realit\u00e4t) tauchen Sie live in die Natur ein und sp\u00fcren Sie, dass Sie sich f\u00fcr nur 300 \u20ac, eine einmalige Zahlung, um Ihren Bio-Mandelbaum k\u00fcmmern. Kontaktieren Sie uns f\u00fcr weitere Informationen. contact@biocalaceite.com | Tel.: +34 676 74 05 76.<\/p>\n<p>Bei unseren Bio-Mandelb\u00e4umen handelt es sich um alte Sorten (Marcona und Largueta). Es handelt sich um Mandelb\u00e4ume, die in den Bergen zwischen Feldern mit anderen Bio-Pflanzen und Pinienw\u00e4ldern stehen. Sie erhalten nur knappes Regenwasser und verf\u00fcgen weder \u00fcber k\u00fcnstliche Bew\u00e4sserung noch auf den Zusatz von Chemikalien.<br \/>\nDas Ergebnis ist ein wirklich nat\u00fcrliches, \u00f6kologisches Produkt mit einzigartigen Geschmackseigenschaften und Vorteilen f\u00fcr Ihre Gesundheit.<\/p>\n","protected":false},"featured_media":5206,"template":"","meta":[],"product_brand":[],"product_cat":[146],"product_tag":[],"class_list":{"0":"post-5246","1":"product","2":"type-product","3":"status-publish","4":"has-post-thumbnail","6":"product_cat-adopciones-de","8":"first","9":"instock","10":"taxable","11":"shipping-taxable","12":"purchasable","13":"product-type-simple"},"_links":{"self":[{"href":"https:\/\/biocalaceite.com\/de\/wp-json\/wp\/v2\/product\/5246","targetHints":{"allow":["GET"]}}],"collection":[{"href":"https:\/\/biocalaceite.com\/de\/wp-json\/wp\/v2\/product"}],"about":[{"href":"https:\/\/biocalaceite.com\/de\/wp-json\/wp\/v2\/types\/product"}],"wp:featuredmedia":[{"embeddable":true,"href":"https:\/\/biocalaceite.com\/de\/wp-json\/wp\/v2\/media\/5206"}],"wp:attachment":[{"href":"https:\/\/biocalaceite.com\/de\/wp-json\/wp\/v2\/media?parent=5246"}],"wp:term":[{"taxonomy":"product_brand","embeddable":true,"href":"https:\/\/biocalaceite.com\/de\/wp-json\/wp\/v2\/product_brand?post=5246"},{"taxonomy":"product_cat","embeddable":true,"href":"https:\/\/biocalaceite.com\/de\/wp-json\/wp\/v2\/product_cat?post=5246"},{"taxonomy":"product_tag","embeddable":true,"href":"https:\/\/biocalaceite.com\/de\/wp-json\/wp\/v2\/product_tag?post=5246"}],"curies":[{"name":"wp","href":"https:\/\/api.w.org\/{rel}","templated":true}]}}