{"id":5245,"date":"2024-04-04T17:38:26","date_gmt":"2024-04-04T15:38:26","guid":{"rendered":"https:\/\/biocalaceite.com\/producto\/baby-almond\/"},"modified":"2024-07-22T16:27:05","modified_gmt":"2024-07-22T14:27:05","slug":"baby-almond","status":"publish","type":"product","link":"https:\/\/biocalaceite.com\/de\/producto\/baby-almond\/","title":{"rendered":"Bio-Baby-Mandelbaum"},"content":{"rendered":"<p>Adoptieren Sie einen Bio-Mandelbaumbaby, geben Sie ihm einen Namen und Sie werden Ihren eigenen Bio-Mandelbaum haben.<br \/>\nAbonnieren Sie und genie\u00dfen Sie Ihren Baby-Mandelbaum. Es handelt sich um eine j\u00e4hrliche Zahlung. Damit erhalten Sie:<\/p>\n<ul>\n<li>Sie erhalten Ihren eigenen Bio-Mandelbaumbaby, der von einem \u00f6rtlichen Bauern gepflegt wird.<\/li>\n<li>Zum Erntezeitpunkt im September erhalten Sie 1 kg Bio-Mandeln.<\/li>\n<li>Sie haben die M\u00f6glichkeit, wann immer Sie m\u00f6chten, es zu besichtigen, es zu pflegen und selbst abzuholen.<\/li>\n<li>Sie erhalten die Geolokalisierung des genauen Standorts Ihres Bio-Mandelbaumbabys.<\/li>\n<li>Sie erhalten in Echtzeit Informationen \u00fcber alle durchgef\u00fchrten Arbeiten an Ihrem Baby-Bio-Mandelbaum.<\/li>\n<li>Sie haben die M\u00f6glichkeit, das VR Baby Almond-Paket zu erwerben (alle an Ihrem Mandelbaum durchgef\u00fchrten Arbeiten werden aufgezeichnet, vom Pflanzen \u00fcber die manuelle Arbeit, die Arbeit mit dem Traktor, die Bl\u00fcte bis hin zur Verwandlung der Bl\u00fcte in eine Mandel in 3D und virtuelle Realit\u00e4t) tauchen Sie live in die Natur ein und sp\u00fcren Sie, dass Sie sich f\u00fcr nur 200 \u20ac, eine einmalige Zahlung, um Ihren Bio-Mandelbaum k\u00fcmmern. Kontaktieren Sie uns f\u00fcr weitere Informationen. contact@biocalaceite.com | Tel.: +34 676 74 05 76.<\/li>\n<\/ul>\n<p>&nbsp;<\/p>\n<p>Bei unseren Bio-Mandelb\u00e4umen handelt es sich um alte Sorten (Marcona und Largueta). Es handelt sich um Mandelb\u00e4ume, die in den Bergen zwischen Feldern mit anderen Bio-Pflanzen und Pinienw\u00e4ldern stehen. Sie erhalten nur knappes Regenwasser und verf\u00fcgen weder \u00fcber k\u00fcnstliche Bew\u00e4sserung noch auf den Zusatz von Chemikalien.<br \/>\nDas Ergebnis ist ein wirklich nat\u00fcrliches, \u00f6kologisches Produkt mit einzigartigen Geschmackseigenschaften und Vorteilen f\u00fcr Ihre Gesundheit.<\/p>\n","protected":false},"excerpt":{"rendered":"<p>ADOPTIEREN SIE JETZT IHREN \u00d6KOLOGISCHEN BABY-MANDELBAUM!<\/p>\n<p><img fetchpriority=\"high\" decoding=\"async\" class=\"alignnone wp-image-5287\" src=\"https:\/\/biocalaceite.com\/wp-content\/uploads\/2024\/04\/logo-eurohoja-.jpeg\" alt=\"\" width=\"281\" height=\"270\" srcset=\"https:\/\/biocalaceite.com\/wp-content\/uploads\/2024\/04\/logo-eurohoja-.jpeg 1080w, https:\/\/biocalaceite.com\/wp-content\/uploads\/2024\/04\/logo-eurohoja--300x288.jpeg 300w, https:\/\/biocalaceite.com\/wp-content\/uploads\/2024\/04\/logo-eurohoja--1024x981.jpeg 1024w, https:\/\/biocalaceite.com\/wp-content\/uploads\/2024\/04\/logo-eurohoja--768x736.jpeg 768w, https:\/\/biocalaceite.com\/wp-content\/uploads\/2024\/04\/logo-eurohoja--64x61.jpeg 64w\" sizes=\"(max-width: 281px) 100vw, 281px\" \/><\/p>\n<p>Adoptieren Sie einen Bio-Mandelbaumbaby, geben Sie ihm einen Namen und Sie werden Ihren eigenen Bio-Mandelbaum haben.<br \/>\nAbonnieren Sie und genie\u00dfen Sie Ihren Baby-Mandelbaum. Es handelt sich um eine j\u00e4hrliche Zahlung. Damit erhalten Sie:<\/p>\n<ul>\n<li>Sie erhalten Ihren eigenen Bio-Mandelbaumbaby, der von einem \u00f6rtlichen Bauern gepflegt wird.<\/li>\n<li>Zum Erntezeitpunkt im September erhalten Sie 1 kg Bio-Mandeln.<\/li>\n<li>Sie haben die M\u00f6glichkeit, wann immer Sie m\u00f6chten, es zu besichtigen, es zu pflegen und selbst abzuholen.<\/li>\n<li>Sie erhalten die Geolokalisierung des genauen Standorts Ihres Bio-Mandelbaumbabys.<\/li>\n<li>Sie erhalten in Echtzeit Informationen \u00fcber alle durchgef\u00fchrten Arbeiten an Ihrem Baby-Bio-Mandelbaum.<\/li>\n<li>Sie haben die M\u00f6glichkeit, das VR Baby Almond-Paket zu erwerben (alle an Ihrem Mandelbaum durchgef\u00fchrten Arbeiten werden aufgezeichnet, vom Pflanzen \u00fcber die manuelle Arbeit, die Arbeit mit dem Traktor, die Bl\u00fcte bis hin zur Verwandlung der Bl\u00fcte in eine Mandel in 3D und virtuelle Realit\u00e4t) tauchen Sie live in die Natur ein und sp\u00fcren Sie, dass Sie sich f\u00fcr nur 200 \u20ac, eine einmalige Zahlung, um Ihren Bio-Mandelbaum k\u00fcmmern. Kontaktieren Sie uns f\u00fcr weitere Informationen. contact@biocalaceite.com | Tel.: +34 676 74 05 76.<\/li>\n<\/ul>\n<p>&nbsp;<\/p>\n<p>Bei unseren Bio-Mandelb\u00e4umen handelt es sich um alte Sorten (Marcona und Largueta). Es handelt sich um Mandelb\u00e4ume, die in den Bergen zwischen Feldern mit anderen Bio-Pflanzen und Pinienw\u00e4ldern stehen. Sie erhalten nur knappes Regenwasser und verf\u00fcgen weder \u00fcber k\u00fcnstliche Bew\u00e4sserung noch auf den Zusatz von Chemikalien.<br \/>\nDas Ergebnis ist ein wirklich nat\u00fcrliches, \u00f6kologisches Produkt mit einzigartigen Geschmackseigenschaften und Vorteilen f\u00fcr Ihre Gesundheit.<\/p>\n","protected":false},"featured_media":5197,"template":"","meta":[],"product_brand":[],"product_cat":[146],"product_tag":[],"class_list":{"0":"post-5245","1":"product","2":"type-product","3":"status-publish","4":"has-post-thumbnail","6":"product_cat-adopciones-de","8":"first","9":"instock","10":"taxable","11":"shipping-taxable","12":"purchasable","13":"product-type-simple"},"_links":{"self":[{"href":"https:\/\/biocalaceite.com\/de\/wp-json\/wp\/v2\/product\/5245","targetHints":{"allow":["GET"]}}],"collection":[{"href":"https:\/\/biocalaceite.com\/de\/wp-json\/wp\/v2\/product"}],"about":[{"href":"https:\/\/biocalaceite.com\/de\/wp-json\/wp\/v2\/types\/product"}],"wp:featuredmedia":[{"embeddable":true,"href":"https:\/\/biocalaceite.com\/de\/wp-json\/wp\/v2\/media\/5197"}],"wp:attachment":[{"href":"https:\/\/biocalaceite.com\/de\/wp-json\/wp\/v2\/media?parent=5245"}],"wp:term":[{"taxonomy":"product_brand","embeddable":true,"href":"https:\/\/biocalaceite.com\/de\/wp-json\/wp\/v2\/product_brand?post=5245"},{"taxonomy":"product_cat","embeddable":true,"href":"https:\/\/biocalaceite.com\/de\/wp-json\/wp\/v2\/product_cat?post=5245"},{"taxonomy":"product_tag","embeddable":true,"href":"https:\/\/biocalaceite.com\/de\/wp-json\/wp\/v2\/product_tag?post=5245"}],"curies":[{"name":"wp","href":"https:\/\/api.w.org\/{rel}","templated":true}]}}