{"id":4810,"date":"2019-02-11T10:27:54","date_gmt":"2019-02-11T09:27:54","guid":{"rendered":"https:\/\/biocalaceite.com\/arboles-centenarios-y-milenarios\/"},"modified":"2025-04-15T12:07:38","modified_gmt":"2025-04-15T10:07:38","slug":"arboles-centenarios-y-milenarios","status":"publish","type":"page","link":"https:\/\/biocalaceite.com\/de\/arboles-centenarios-y-milenarios\/","title":{"rendered":"Arboles centenarios y milenarios"},"content":{"rendered":"\t\t<div data-elementor-type=\"wp-page\" data-elementor-id=\"4810\" class=\"elementor elementor-4810 elementor-962\" data-elementor-post-type=\"page\">\n\t\t\t\t\t\t<section class=\"elementor-section elementor-top-section elementor-element elementor-element-fc579ef elementor-section-height-min-height elementor-section-boxed elementor-section-height-default elementor-section-items-middle\" data-id=\"fc579ef\" data-element_type=\"section\" data-settings=\"{&quot;background_background&quot;:&quot;classic&quot;}\">\n\t\t\t\t\t\t\t<div class=\"elementor-background-overlay\"><\/div>\n\t\t\t\t\t\t\t<div class=\"elementor-container elementor-column-gap-default\">\n\t\t\t\t\t<div class=\"elementor-column elementor-col-100 elementor-top-column elementor-element elementor-element-182813d\" data-id=\"182813d\" data-element_type=\"column\">\n\t\t\t<div class=\"elementor-widget-wrap elementor-element-populated\">\n\t\t\t\t\t\t<div class=\"elementor-element elementor-element-fe64663 elementor-widget elementor-widget-heading\" data-id=\"fe64663\" data-element_type=\"widget\" data-widget_type=\"heading.default\">\n\t\t\t\t\t<h1 class=\"elementor-heading-title elementor-size-xxl\">Arboles centenarios y milenarios<\/h1>\t\t\t\t<\/div>\n\t\t\t\t\t<\/div>\n\t\t<\/div>\n\t\t\t\t\t<\/div>\n\t\t<\/section>\n\t\t\t\t<section class=\"elementor-section elementor-top-section elementor-element elementor-element-19d3b83 elementor-section-boxed elementor-section-height-default elementor-section-height-default\" data-id=\"19d3b83\" data-element_type=\"section\">\n\t\t\t\t\t\t<div class=\"elementor-container elementor-column-gap-default\">\n\t\t\t\t\t<div class=\"elementor-column elementor-col-100 elementor-top-column elementor-element elementor-element-2ab2da60\" data-id=\"2ab2da60\" data-element_type=\"column\">\n\t\t\t<div class=\"elementor-widget-wrap elementor-element-populated\">\n\t\t\t\t\t\t<div class=\"elementor-element elementor-element-0c9dc00 elementor-widget elementor-widget-video\" data-id=\"0c9dc00\" data-element_type=\"widget\" data-settings=\"{&quot;youtube_url&quot;:&quot;https:\\\/\\\/youtu.be\\\/xKJtc2_OFK4&quot;,&quot;video_type&quot;:&quot;youtube&quot;,&quot;controls&quot;:&quot;yes&quot;}\" data-widget_type=\"video.default\">\n\t\t\t\t\t\t\t<div class=\"elementor-wrapper elementor-open-inline\">\n\t\t\t<div class=\"elementor-video\"><\/div>\t\t<\/div>\n\t\t\t\t\t\t<\/div>\n\t\t\t\t<div class=\"elementor-element elementor-element-db9d173 elementor-widget elementor-widget-text-editor\" data-id=\"db9d173\" data-element_type=\"widget\" data-widget_type=\"text-editor.default\">\n\t\t\t\t\t\t\t\t\t<p>Desde la introducci\u00f3n de los primeros olivos por los griegos y fenicios hace m\u00e1s de 2.500 a\u00f1os, en Biocalaceite seguimos cultivando con los mismos principios. Todo de manera natural y ecol\u00f3gica.<\/p>\n<p>La gran mayor\u00eda de nuestros olivos tienen cientos y algunos miles de a\u00f1os, lo que es una garant\u00eda total de que no han sido modificados gen\u00e9ticamente para acelerar su crecimiento como ocurre con el 99% de los cultivos de hoy en d\u00eda.<\/p>\n<p>Las distancias entre nuestros olivos son de 10 metros, y aunque debido a esto obtenemos mucha menor cantidad, a cambio esto nos ofrece grandes beneficios:<\/p>\n<ol>\n<li>Dejamos espacio para que fluya el aire, lo que favorece de manera significativa el cultivo ecol\u00f3gico.<\/li>\n<li>Los \u00e1rboles se nutren mejor de manera natural y sostenible.<\/li>\n<li>Podemos cultivar olivos sin riego artificial y sin fertilizantes sint\u00e9ticos, ya que, al tener suficiente espacio entre ellos se crea un ecosistema sostenible.<\/li>\n<li>No importa cuantos a\u00f1os pasen, los olivos siempre podr\u00e1n permanecer en el mismo lugar, ya que nunca se molestar\u00e1n unos a otros. As\u00ed conseguimos una agricultura sostenible a un nivel insuperable. Pasaran m\u00e1s de 1.000 a\u00f1os y el olivo estar\u00e1 en el mismo sitio.<\/li>\n<li>Los olivos son podados y recolectados individualmente y a mano por los agricultores, cuidando y controlando cada uno de ellos. Es como un animal criado en el campo libre.<\/li><\/ol>\t\t\t\t\t\t\t\t<\/div>\n\t\t\t\t\t<\/div>\n\t\t<\/div>\n\t\t\t\t\t<\/div>\n\t\t<\/section>\n\t\t\t\t<\/div>\n\t\t","protected":false},"excerpt":{"rendered":"<p>https:\/\/youtu.be\/xKJtc2_OFK4 Desde la introducci\u00f3n de los primeros olivos por los griegos y fenicios hace m\u00e1s de 2.500 a\u00f1os, en Biocalaceite seguimos cultivando con los mismos principios. Todo de manera natural y ecol\u00f3gica. La gran mayor\u00eda de nuestros olivos tienen cientos y algunos miles de a\u00f1os, lo que es una garant\u00eda total de que no han [&hellip;]<\/p>\n","protected":false},"author":1,"featured_media":0,"parent":0,"menu_order":0,"comment_status":"closed","ping_status":"closed","template":"","meta":{"footnotes":""},"class_list":["post-4810","page","type-page","status-publish","hentry"],"_links":{"self":[{"href":"https:\/\/biocalaceite.com\/de\/wp-json\/wp\/v2\/pages\/4810","targetHints":{"allow":["GET"]}}],"collection":[{"href":"https:\/\/biocalaceite.com\/de\/wp-json\/wp\/v2\/pages"}],"about":[{"href":"https:\/\/biocalaceite.com\/de\/wp-json\/wp\/v2\/types\/page"}],"author":[{"embeddable":true,"href":"https:\/\/biocalaceite.com\/de\/wp-json\/wp\/v2\/users\/1"}],"replies":[{"embeddable":true,"href":"https:\/\/biocalaceite.com\/de\/wp-json\/wp\/v2\/comments?post=4810"}],"version-history":[{"count":3,"href":"https:\/\/biocalaceite.com\/de\/wp-json\/wp\/v2\/pages\/4810\/revisions"}],"predecessor-version":[{"id":6616,"href":"https:\/\/biocalaceite.com\/de\/wp-json\/wp\/v2\/pages\/4810\/revisions\/6616"}],"wp:attachment":[{"href":"https:\/\/biocalaceite.com\/de\/wp-json\/wp\/v2\/media?parent=4810"}],"curies":[{"name":"wp","href":"https:\/\/api.w.org\/{rel}","templated":true}]}}